{"id":11377,"date":"2024-05-28T15:53:23","date_gmt":"2024-05-28T14:53:23","guid":{"rendered":"https:\/\/everland.drwp.fr\/produit\/croquettes-chat-dexterieur\/"},"modified":"2024-06-03T09:48:48","modified_gmt":"2024-06-03T08:48:48","slug":"croquettes-chat-dexterieur","status":"publish","type":"product","link":"https:\/\/www.everland-petfood.com\/en\/product\/croquettes-chat-dexterieur\/","title":{"rendered":"Adult Outdoor Cat Food"},"content":{"rendered":"<p><strong>Our Adult Cat recipe satisfies cats&#8217; taste requirements and provides your cat with the essential elements for vitality. These kibbles are perfectly suited to an outdoor cat, offering balanced and complete nutrition to support their active lifestyle.<\/strong><\/p>\n<p>Made with quality ingredients, our kibbles help maintain the energy needed for outdoor adventures while promoting good digestion and optimal health.<\/p>\n<p>Opt for a diet that respects the specific needs of your outdoor cat, so they can enjoy every day with vitality and happiness.<\/p>\n","protected":false},"excerpt":{"rendered":"<p>Our Adult Cat recipe satisfies cats&#8217; taste requirements and provides your cat with the essential elements for vitality. These kibbles are perfectly suited to an outdoor cat, offering balanced and complete nutrition to support their active lifestyle. Made with quality ingredients, our kibbles help maintain the energy needed for outdoor adventures while promoting good digestion [&hellip;]<\/p>\n","protected":false},"featured_media":11229,"comment_status":"open","ping_status":"closed","template":"","meta":{"_acf_changed":false},"product_brand":[],"product_cat":[270],"product_tag":[],"class_list":{"0":"post-11377","1":"product","2":"type-product","3":"status-publish","4":"has-post-thumbnail","6":"product_cat-wolpy-en","7":"pa_age-01-1-mois-en","8":"pa_age-02-2-mois-en","9":"pa_age-03-3-mois-en","10":"pa_age-4-mois-en","11":"pa_age-5-mois-en","12":"pa_age-6-mois-en","13":"pa_age-7-mois-en","14":"pa_age-8-mois-en","15":"pa_age-9-mois-en","16":"pa_age-10-mois-en","17":"pa_age-11-mois-en","18":"pa_age-12-mois-en","19":"pa_age-13-mois-en","20":"pa_age-14-mois-en","21":"pa_age-15-mois-en","22":"pa_age-16-mois-en","23":"pa_age-17-mois-en","24":"pa_age-18-mois-en","25":"pa_age-19-mois-en","26":"pa_age-20-mois-en","27":"pa_age-21-mois-en","28":"pa_age-22-mois-en","29":"pa_age-23-mois-en","30":"pa_age-2-ans-en","31":"pa_poids-11-kg-en","32":"pa_poids-12-kg-en","33":"pa_poids-13-kg-en","34":"pa_poids-14-kg-en","35":"pa_poids-15-kg-en","36":"pa_poids-16-kg-en","37":"pa_poids-17-kg-en","38":"pa_poids-18-kg-en","39":"pa_poids-19-kg-en","40":"pa_poids-20-kg-en","41":"pa_poids-21-kg-en","42":"pa_poids-22-kg-en","43":"pa_poids-23-kg-en","44":"pa_poids-24-kg-en","45":"pa_poids-25-kg-en","46":"pa_poids-26-kg-en","47":"pa_poids-27-kg-en","48":"pa_poids-28-kg-en","49":"pa_poids-29-kg-en","50":"pa_poids-30-kg-en","51":"pa_poids-31-kg-en","52":"pa_poids-32-kg-en","53":"pa_poids-33-kg-en","54":"pa_poids-34-kg-en","55":"pa_poids-35-kg-en","56":"pa_poids-36-kg-en","57":"pa_poids-37-kg-en","58":"pa_poids-38-kg-en","59":"pa_poids-39-kg-en","60":"pa_poids-40-kg-en","61":"pa_poids-41-kg-en","62":"pa_poids-42-kg-en","63":"pa_poids-43-kg-en","64":"pa_poids-44-kg-en","65":"pa_poids-45-kg-en","66":"pa_poids-46-kg-en","67":"pa_poids-47-kg-en","68":"pa_poids-48-kg-en","69":"pa_poids-49-kg-en","70":"pa_poids-50-kg-en","71":"pa_poids-51-kg-en","72":"pa_poids-52-kg-en","73":"pa_poids-53-kg-en","74":"pa_poids-54-kg-en","75":"pa_poids-55-kg-en","76":"pa_poids-56-kg-en","77":"pa_poids-57-kg-en","78":"pa_poids-58-kg-en","79":"pa_poids-59-kg-en","80":"pa_poids-60-kg-en","81":"pa_poids-61-kg-en","82":"pa_poids-62-kg-en","83":"pa_poids-63-kg-en","84":"pa_poids-64-kg-en","85":"pa_poids-65-kg-en","86":"pa_poids-66-kg-en","87":"pa_poids-67-kg-en","88":"pa_poids-68-kg-en","89":"pa_poids-69-kg-en","90":"pa_poids-70-kg-en","92":"first","93":"instock","94":"shipping-taxable","95":"product-type-simple"},"acf":[],"yoast_head":"<!-- This site is optimized with the Yoast SEO plugin v27.5 - https:\/\/yoast.com\/product\/yoast-seo-wordpress\/ -->\n<title>Adult Outdoor Cat Food Fabriqu\u00e9es en France - Everland Petfood<\/title>\n<meta name=\"description\" content=\"Vous venez d&#039;adopter un chiot ? Les croquettes WOLPY JUNIOR sont sp\u00e9cialement con\u00e7ues pour accompagner votre chiot dans son d\u00e9veloppement.\" \/>\n<meta name=\"robots\" content=\"index, follow, max-snippet:-1, max-image-preview:large, max-video-preview:-1\" \/>\n<link rel=\"canonical\" href=\"https:\/\/www.everland-petfood.com\/en\/product\/croquettes-chat-dexterieur\/\" \/>\n<meta property=\"og:locale\" content=\"en_US\" \/>\n<meta property=\"og:type\" content=\"article\" \/>\n<meta property=\"og:title\" content=\"Adult Outdoor Cat Food Fabriqu\u00e9es en France - Everland Petfood\" \/>\n<meta property=\"og:description\" content=\"Vous venez d&#039;adopter un chiot ? Les croquettes WOLPY JUNIOR sont sp\u00e9cialement con\u00e7ues pour accompagner votre chiot dans son d\u00e9veloppement.\" \/>\n<meta property=\"og:url\" content=\"https:\/\/www.everland-petfood.com\/en\/product\/croquettes-chat-dexterieur\/\" \/>\n<meta property=\"og:site_name\" content=\"Everland Petfood\" \/>\n<meta property=\"article:modified_time\" content=\"2024-06-03T08:48:48+00:00\" \/>\n<meta property=\"og:image\" content=\"https:\/\/www.everland-petfood.com\/wp-content\/uploads\/3D-CAT-SAC-20kg-wolpy-120421BDe.png\" \/>\n\t<meta property=\"og:image:width\" content=\"709\" \/>\n\t<meta property=\"og:image:height\" content=\"992\" \/>\n\t<meta property=\"og:image:type\" content=\"image\/png\" \/>\n<meta name=\"twitter:card\" content=\"summary_large_image\" \/>\n<meta name=\"twitter:label1\" content=\"Est. reading time\" \/>\n\t<meta name=\"twitter:data1\" content=\"1 minute\" \/>\n<script type=\"application\/ld+json\" class=\"yoast-schema-graph\">{\"@context\":\"https:\\\/\\\/schema.org\",\"@graph\":[{\"@type\":\"WebPage\",\"@id\":\"https:\\\/\\\/www.everland-petfood.com\\\/en\\\/product\\\/croquettes-chat-dexterieur\\\/\",\"url\":\"https:\\\/\\\/www.everland-petfood.com\\\/en\\\/product\\\/croquettes-chat-dexterieur\\\/\",\"name\":\"Adult Outdoor Cat Food Fabriqu\u00e9es en France - Everland Petfood\",\"isPartOf\":{\"@id\":\"https:\\\/\\\/www.everland-petfood.com\\\/en\\\/#website\"},\"primaryImageOfPage\":{\"@id\":\"https:\\\/\\\/www.everland-petfood.com\\\/en\\\/product\\\/croquettes-chat-dexterieur\\\/#primaryimage\"},\"image\":{\"@id\":\"https:\\\/\\\/www.everland-petfood.com\\\/en\\\/product\\\/croquettes-chat-dexterieur\\\/#primaryimage\"},\"thumbnailUrl\":\"https:\\\/\\\/www.everland-petfood.com\\\/wp-content\\\/uploads\\\/3D-CAT-SAC-20kg-wolpy-120421BDe.png\",\"datePublished\":\"2024-05-28T14:53:23+00:00\",\"dateModified\":\"2024-06-03T08:48:48+00:00\",\"description\":\"Vous venez d'adopter un chiot ? Les croquettes WOLPY JUNIOR sont sp\u00e9cialement con\u00e7ues pour accompagner votre chiot dans son d\u00e9veloppement.\",\"breadcrumb\":{\"@id\":\"https:\\\/\\\/www.everland-petfood.com\\\/en\\\/product\\\/croquettes-chat-dexterieur\\\/#breadcrumb\"},\"inLanguage\":\"en-US\",\"potentialAction\":[{\"@type\":\"ReadAction\",\"target\":[\"https:\\\/\\\/www.everland-petfood.com\\\/en\\\/product\\\/croquettes-chat-dexterieur\\\/\"]}]},{\"@type\":\"ImageObject\",\"inLanguage\":\"en-US\",\"@id\":\"https:\\\/\\\/www.everland-petfood.com\\\/en\\\/product\\\/croquettes-chat-dexterieur\\\/#primaryimage\",\"url\":\"https:\\\/\\\/www.everland-petfood.com\\\/wp-content\\\/uploads\\\/3D-CAT-SAC-20kg-wolpy-120421BDe.png\",\"contentUrl\":\"https:\\\/\\\/www.everland-petfood.com\\\/wp-content\\\/uploads\\\/3D-CAT-SAC-20kg-wolpy-120421BDe.png\",\"width\":709,\"height\":992},{\"@type\":\"BreadcrumbList\",\"@id\":\"https:\\\/\\\/www.everland-petfood.com\\\/en\\\/product\\\/croquettes-chat-dexterieur\\\/#breadcrumb\",\"itemListElement\":[{\"@type\":\"ListItem\",\"position\":1,\"name\":\"Accueil\",\"item\":\"https:\\\/\\\/www.everland-petfood.com\\\/en\\\/\"},{\"@type\":\"ListItem\",\"position\":2,\"name\":\"Store\",\"item\":\"https:\\\/\\\/www.everland-petfood.com\\\/en\\\/boutique\\\/\"},{\"@type\":\"ListItem\",\"position\":3,\"name\":\"Wolpy Pet Food \u2013 Eco\",\"item\":\"https:\\\/\\\/www.everland-petfood.com\\\/en\\\/kibbles\\\/wolpy-en\\\/\"},{\"@type\":\"ListItem\",\"position\":4,\"name\":\"Adult Outdoor Cat Food\"}]},{\"@type\":\"WebSite\",\"@id\":\"https:\\\/\\\/www.everland-petfood.com\\\/en\\\/#website\",\"url\":\"https:\\\/\\\/www.everland-petfood.com\\\/en\\\/\",\"name\":\"Everland Petfood\",\"description\":\"Le meilleur de l&#039;alimentation pour chien et chat\",\"publisher\":{\"@id\":\"https:\\\/\\\/www.everland-petfood.com\\\/en\\\/#organization\"},\"potentialAction\":[{\"@type\":\"SearchAction\",\"target\":{\"@type\":\"EntryPoint\",\"urlTemplate\":\"https:\\\/\\\/www.everland-petfood.com\\\/en\\\/?s={search_term_string}\"},\"query-input\":{\"@type\":\"PropertyValueSpecification\",\"valueRequired\":true,\"valueName\":\"search_term_string\"}}],\"inLanguage\":\"en-US\"},{\"@type\":\"Organization\",\"@id\":\"https:\\\/\\\/www.everland-petfood.com\\\/en\\\/#organization\",\"name\":\"Everland Petfood\",\"url\":\"https:\\\/\\\/www.everland-petfood.com\\\/en\\\/\",\"logo\":{\"@type\":\"ImageObject\",\"inLanguage\":\"en-US\",\"@id\":\"https:\\\/\\\/www.everland-petfood.com\\\/en\\\/#\\\/schema\\\/logo\\\/image\\\/\",\"url\":\"https:\\\/\\\/www.everland-petfood.com\\\/wp-content\\\/uploads\\\/everland-logo.svg\",\"contentUrl\":\"https:\\\/\\\/www.everland-petfood.com\\\/wp-content\\\/uploads\\\/everland-logo.svg\",\"caption\":\"Everland Petfood\"},\"image\":{\"@id\":\"https:\\\/\\\/www.everland-petfood.com\\\/en\\\/#\\\/schema\\\/logo\\\/image\\\/\"}}]}<\/script>\n<!-- \/ Yoast SEO plugin. -->","yoast_head_json":{"title":"Adult Outdoor Cat Food Fabriqu\u00e9es en France - Everland Petfood","description":"Vous venez d'adopter un chiot ? Les croquettes WOLPY JUNIOR sont sp\u00e9cialement con\u00e7ues pour accompagner votre chiot dans son d\u00e9veloppement.","robots":{"index":"index","follow":"follow","max-snippet":"max-snippet:-1","max-image-preview":"max-image-preview:large","max-video-preview":"max-video-preview:-1"},"canonical":"https:\/\/www.everland-petfood.com\/en\/product\/croquettes-chat-dexterieur\/","og_locale":"en_US","og_type":"article","og_title":"Adult Outdoor Cat Food Fabriqu\u00e9es en France - Everland Petfood","og_description":"Vous venez d'adopter un chiot ? Les croquettes WOLPY JUNIOR sont sp\u00e9cialement con\u00e7ues pour accompagner votre chiot dans son d\u00e9veloppement.","og_url":"https:\/\/www.everland-petfood.com\/en\/product\/croquettes-chat-dexterieur\/","og_site_name":"Everland Petfood","article_modified_time":"2024-06-03T08:48:48+00:00","og_image":[{"width":709,"height":992,"url":"https:\/\/www.everland-petfood.com\/wp-content\/uploads\/3D-CAT-SAC-20kg-wolpy-120421BDe.png","type":"image\/png"}],"twitter_card":"summary_large_image","twitter_misc":{"Est. reading time":"1 minute"},"schema":{"@context":"https:\/\/schema.org","@graph":[{"@type":"WebPage","@id":"https:\/\/www.everland-petfood.com\/en\/product\/croquettes-chat-dexterieur\/","url":"https:\/\/www.everland-petfood.com\/en\/product\/croquettes-chat-dexterieur\/","name":"Adult Outdoor Cat Food Fabriqu\u00e9es en France - Everland Petfood","isPartOf":{"@id":"https:\/\/www.everland-petfood.com\/en\/#website"},"primaryImageOfPage":{"@id":"https:\/\/www.everland-petfood.com\/en\/product\/croquettes-chat-dexterieur\/#primaryimage"},"image":{"@id":"https:\/\/www.everland-petfood.com\/en\/product\/croquettes-chat-dexterieur\/#primaryimage"},"thumbnailUrl":"https:\/\/www.everland-petfood.com\/wp-content\/uploads\/3D-CAT-SAC-20kg-wolpy-120421BDe.png","datePublished":"2024-05-28T14:53:23+00:00","dateModified":"2024-06-03T08:48:48+00:00","description":"Vous venez d'adopter un chiot ? Les croquettes WOLPY JUNIOR sont sp\u00e9cialement con\u00e7ues pour accompagner votre chiot dans son d\u00e9veloppement.","breadcrumb":{"@id":"https:\/\/www.everland-petfood.com\/en\/product\/croquettes-chat-dexterieur\/#breadcrumb"},"inLanguage":"en-US","potentialAction":[{"@type":"ReadAction","target":["https:\/\/www.everland-petfood.com\/en\/product\/croquettes-chat-dexterieur\/"]}]},{"@type":"ImageObject","inLanguage":"en-US","@id":"https:\/\/www.everland-petfood.com\/en\/product\/croquettes-chat-dexterieur\/#primaryimage","url":"https:\/\/www.everland-petfood.com\/wp-content\/uploads\/3D-CAT-SAC-20kg-wolpy-120421BDe.png","contentUrl":"https:\/\/www.everland-petfood.com\/wp-content\/uploads\/3D-CAT-SAC-20kg-wolpy-120421BDe.png","width":709,"height":992},{"@type":"BreadcrumbList","@id":"https:\/\/www.everland-petfood.com\/en\/product\/croquettes-chat-dexterieur\/#breadcrumb","itemListElement":[{"@type":"ListItem","position":1,"name":"Accueil","item":"https:\/\/www.everland-petfood.com\/en\/"},{"@type":"ListItem","position":2,"name":"Store","item":"https:\/\/www.everland-petfood.com\/en\/boutique\/"},{"@type":"ListItem","position":3,"name":"Wolpy Pet Food \u2013 Eco","item":"https:\/\/www.everland-petfood.com\/en\/kibbles\/wolpy-en\/"},{"@type":"ListItem","position":4,"name":"Adult Outdoor Cat Food"}]},{"@type":"WebSite","@id":"https:\/\/www.everland-petfood.com\/en\/#website","url":"https:\/\/www.everland-petfood.com\/en\/","name":"Everland Petfood","description":"Le meilleur de l&#039;alimentation pour chien et chat","publisher":{"@id":"https:\/\/www.everland-petfood.com\/en\/#organization"},"potentialAction":[{"@type":"SearchAction","target":{"@type":"EntryPoint","urlTemplate":"https:\/\/www.everland-petfood.com\/en\/?s={search_term_string}"},"query-input":{"@type":"PropertyValueSpecification","valueRequired":true,"valueName":"search_term_string"}}],"inLanguage":"en-US"},{"@type":"Organization","@id":"https:\/\/www.everland-petfood.com\/en\/#organization","name":"Everland Petfood","url":"https:\/\/www.everland-petfood.com\/en\/","logo":{"@type":"ImageObject","inLanguage":"en-US","@id":"https:\/\/www.everland-petfood.com\/en\/#\/schema\/logo\/image\/","url":"https:\/\/www.everland-petfood.com\/wp-content\/uploads\/everland-logo.svg","contentUrl":"https:\/\/www.everland-petfood.com\/wp-content\/uploads\/everland-logo.svg","caption":"Everland Petfood"},"image":{"@id":"https:\/\/www.everland-petfood.com\/en\/#\/schema\/logo\/image\/"}}]}},"_links":{"self":[{"href":"https:\/\/www.everland-petfood.com\/en\/wp-json\/wp\/v2\/product\/11377","targetHints":{"allow":["GET"]}}],"collection":[{"href":"https:\/\/www.everland-petfood.com\/en\/wp-json\/wp\/v2\/product"}],"about":[{"href":"https:\/\/www.everland-petfood.com\/en\/wp-json\/wp\/v2\/types\/product"}],"replies":[{"embeddable":true,"href":"https:\/\/www.everland-petfood.com\/en\/wp-json\/wp\/v2\/comments?post=11377"}],"wp:featuredmedia":[{"embeddable":true,"href":"https:\/\/www.everland-petfood.com\/en\/wp-json\/wp\/v2\/media\/11229"}],"wp:attachment":[{"href":"https:\/\/www.everland-petfood.com\/en\/wp-json\/wp\/v2\/media?parent=11377"}],"wp:term":[{"taxonomy":"product_brand","embeddable":true,"href":"https:\/\/www.everland-petfood.com\/en\/wp-json\/wp\/v2\/product_brand?post=11377"},{"taxonomy":"product_cat","embeddable":true,"href":"https:\/\/www.everland-petfood.com\/en\/wp-json\/wp\/v2\/product_cat?post=11377"},{"taxonomy":"product_tag","embeddable":true,"href":"https:\/\/www.everland-petfood.com\/en\/wp-json\/wp\/v2\/product_tag?post=11377"}],"curies":[{"name":"wp","href":"https:\/\/api.w.org\/{rel}","templated":true}]}}